{"id":3766,"date":"2023-11-02T18:26:01","date_gmt":"2023-11-02T18:26:01","guid":{"rendered":"https:\/\/mobilepetcremations.com\/?page_id=3766"},"modified":"2026-03-12T18:56:32","modified_gmt":"2026-03-12T18:56:32","slug":"condiciones-generales","status":"publish","type":"page","link":"https:\/\/mobilepetcremations.com\/es\/terms-and-conditions\/","title":{"rendered":"Condiciones generales"},"content":{"rendered":"<div data-elementor-type=\"wp-page\" data-elementor-id=\"3766\" class=\"elementor elementor-3766\">\n\t\t\t\t\t\t<section class=\"elementor-section elementor-top-section elementor-element elementor-element-23b7116e elementor-section-height-min-height elementor-section-boxed elementor-section-height-default elementor-section-items-middle\" data-id=\"23b7116e\" data-element_type=\"section\" data-e-type=\"section\" data-settings=\"{&quot;background_background&quot;:&quot;classic&quot;}\">\n\t\t\t\t\t\t\t<div class=\"elementor-background-overlay\"><\/div>\n\t\t\t\t\t\t\t<div class=\"elementor-container elementor-column-gap-default\">\n\t\t\t\t\t<div class=\"elementor-column elementor-col-50 elementor-top-column elementor-element elementor-element-7b31b7da\" data-id=\"7b31b7da\" data-element_type=\"column\" data-e-type=\"column\">\n\t\t\t<div class=\"elementor-widget-wrap elementor-element-populated\">\n\t\t\t\t\t\t<div class=\"elementor-element elementor-element-298b2cd2 elementor-widget elementor-widget-heading\" data-id=\"298b2cd2\" data-element_type=\"widget\" data-e-type=\"widget\" data-widget_type=\"heading.default\">\n\t\t\t\t<div class=\"elementor-widget-container\">\n\t\t\t\t\t<h1 class=\"elementor-heading-title elementor-size-default\">Condiciones generales<\/h1>\t\t\t\t<\/div>\n\t\t\t\t<\/div>\n\t\t\t\t\t<\/div>\n\t\t<\/div>\n\t\t\t\t<div class=\"elementor-column elementor-col-50 elementor-top-column elementor-element elementor-element-1d236f4b\" data-id=\"1d236f4b\" data-element_type=\"column\" data-e-type=\"column\">\n\t\t\t<div class=\"elementor-widget-wrap\">\n\t\t\t\t\t\t\t<\/div>\n\t\t<\/div>\n\t\t\t\t\t<\/div>\n\t\t<\/section>\n\t\t\t\t<section class=\"elementor-section elementor-top-section elementor-element elementor-element-127d85e6 elementor-section-content-middle elementor-section-boxed elementor-section-height-default elementor-section-height-default\" data-id=\"127d85e6\" data-element_type=\"section\" data-e-type=\"section\" data-settings=\"{&quot;background_background&quot;:&quot;classic&quot;}\">\n\t\t\t\t\t\t\t<div class=\"elementor-background-overlay\"><\/div>\n\t\t\t\t\t\t\t<div class=\"elementor-container elementor-column-gap-default\">\n\t\t\t\t\t<div class=\"elementor-column elementor-col-100 elementor-top-column elementor-element elementor-element-5638a91a\" data-id=\"5638a91a\" data-element_type=\"column\" data-e-type=\"column\">\n\t\t\t<div class=\"elementor-widget-wrap elementor-element-populated\">\n\t\t\t\t\t\t<div class=\"elementor-element elementor-element-4d847b52 animated-slow elementor-widget elementor-widget-text-editor\" data-id=\"4d847b52\" data-element_type=\"widget\" data-e-type=\"widget\" data-settings=\"{&quot;_animation&quot;:&quot;none&quot;}\" data-widget_type=\"text-editor.default\">\n\t\t\t\t<div class=\"elementor-widget-container\">\n\t\t\t\t\t\t\t\t\t<p><b>Acuerdo entre el usuario y https:\/\/mobilepetcremations.com\/<\/b><\/p>\n<p><span style=\"font-weight: 400;\">Bienvenido a https:\/\/mobilepetcremations.com\/. El <\/span><a href=\"https:\/\/mobilepetcremations.com\/es\/\"><span style=\"font-weight: 400;\">https:\/\/mobilepetcremations.com\/<\/span><\/a><span style=\"font-weight: 400;\"> (el \u201cSitio\u201d) se compone de varias p\u00e1ginas web gestionadas por Mobile Pet Cremations.<\/span><\/p>\n<p><span style=\"font-weight: 400;\">https:\/\/mobilepetcremations.com\/ se le ofrece a usted condicionado a la aceptaci\u00f3n sin excepciones de los t\u00e9rminos, condiciones y avisos aqu\u00ed contenidos (los \u201cT\u00e9rminos\u201d). El uso de https:\/\/mobilepetcremations.com\/ implica la aceptaci\u00f3n de dichas Condiciones. Lea atentamente estas condiciones y conserve una copia para su consulta.<\/span><\/p>\n<p><span style=\"font-weight: 400;\">https:\/\/mobilepetcremations.com\/ es un sitio de servicios de cremaci\u00f3n de mascotas.<\/span><\/p>\n<p><span style=\"font-weight: 400;\">Mobile Pet Cremations ofrece los mejores servicios de cremaci\u00f3n compasiva para su querida mascota.<\/span><\/p>\n<p><span style=\"font-weight: 400;\">Los servicios incluyen cremaci\u00f3n personal, recuerdos y urnas para mascotas.<\/span><\/p>\n<p><b>Privacidad<\/b><\/p>\n<p><span style=\"font-weight: 400;\">Su uso de https:\/\/mobilepetcremations.com\/ est\u00e1 sujeto a la Pol\u00edtica de privacidad de Mobile Pet Cremations. Por favor, revise nuestra Pol\u00edtica de Privacidad, que tambi\u00e9n rige el Sitio e informa a los usuarios de nuestras pr\u00e1cticas de recopilaci\u00f3n de datos.<\/span><\/p>\n<p><b>Comunicaciones electr\u00f3nicas<\/b><\/p>\n<p><span style=\"font-weight: 400;\">Visitar https:\/\/mobilepetcremations.com\/ o enviar correos electr\u00f3nicos a Mobile Pet Cremations constituye una comunicaci\u00f3n electr\u00f3nica. Usted da su consentimiento para recibir comunicaciones electr\u00f3nicas y acepta que todos los acuerdos, avisos, divulgaciones y otras comunicaciones que le proporcionemos electr\u00f3nicamente, por correo electr\u00f3nico y en el Sitio, satisfacen cualquier requisito legal de que dichas comunicaciones sean <\/span><span style=\"font-weight: 400;\">por escrito.<\/span><\/p>\n<p><b>Menores de trece a\u00f1os<\/b><\/p>\n<p><span style=\"font-weight: 400;\">Mobile Pet Cremations no recopila intencionadamente, ni online ni offline, informaci\u00f3n personal de personas menores de trece a\u00f1os. Si tiene menos de 18 a\u00f1os, puede utilizar<\/span><\/p>\n<p><span style=\"font-weight: 400;\">https:\/\/mobilepetcremations.com\/ s\u00f3lo con permiso de un padre o tutor.<\/span><\/p>\n<p><b>Enlaces a sitios y servicios de terceros<\/b><\/p>\n<p><span style=\"font-weight: 400;\">https:\/\/mobilepetcremations.com\/ puede contener enlaces a otros sitios web (\u201cSitios Enlazados\u201d). Los Sitios Vinculados no est\u00e1n bajo el control de Mobile Pet Cremations y por tanto Mobile Pet Cremations no es responsable de los contenidos de ning\u00fan Sitio Vinculado, incluyendo sin limitaciones, todo v\u00ednculo contenido en un Sitio Vinculado, o todo cambio o actualizaci\u00f3n de un Sitio Vinculado. Mobile Pet Cremations provee estos v\u00ednculos solamente para su conveniencia, y la inclusi\u00f3n de estos v\u00ednculos no implica aprobaci\u00f3n por parte de Mobile Pet Cremations del sitio, ni asociaci\u00f3n con sus operadores.<\/span><\/p>\n<p><span style=\"font-weight: 400;\">Ciertos servicios disponibles a trav\u00e9s de https:\/\/mobilepetcremations.com\/ son prestados por sitios y organizaciones de terceros. Al utilizar cualquier producto, servicio o funcionalidad procedente del dominio https:\/\/mobilepetcremations.com\/, usted reconoce y consiente que Mobile&nbsp;<\/span><span style=\"font-family: Montserrat;\">Pet Cremations podr\u00e1 compartir dicha informaci\u00f3n y datos con cualquier tercero con el que Mobile Pet <\/span><span style=\"font-family: Montserrat;\">Cremations mantiene una relaci\u00f3n contractual para proporcionar el producto, servicio o funcionalidad solicitados en nombre de los usuarios y clientes de https:\/\/mobilepetcremations.com\/.<\/span><\/p>\n<p><b>Prohibici\u00f3n de uso il\u00edcito o prohibido\/Propiedad intelectual<\/b><\/p>\n<p><span style=\"font-weight: 400;\">Se le concede un<\/span><span style=\"font-weight: 400;\">-<\/span><span style=\"font-weight: 400;\">exclusiva, no<\/span><span style=\"font-weight: 400;\">-<\/span><span style=\"font-weight: 400;\">licencia transferible y revocable para acceder y utilizar https:\/\/mobilepetcremations.com\/ estrictamente de acuerdo con estas condiciones de uso. Como condici\u00f3n para el uso del Sitio, usted garantiza a Mobile Pet Cremations que no utilizar\u00e1 el Sitio para ning\u00fan prop\u00f3sito que sea ilegal o est\u00e9 prohibido por estas Condiciones. No podr\u00e1 utilizar el Sitio de ninguna manera que pueda da\u00f1ar, deshabilitar, sobrecargar o deteriorar el Sitio o interferir en el uso y disfrute del Sitio por parte de terceros. No podr\u00e1 obtener ni intentar obtener ning\u00fan material o informaci\u00f3n a trav\u00e9s de ning\u00fan medio que no se haya puesto a disposici\u00f3n o proporcionado intencionadamente a trav\u00e9s del Sitio.<\/span><\/p>\n<p><span style=\"font-weight: 400;\">Todo el contenido incluido como parte del Servicio, como texto, gr\u00e1ficos, logotipos, im\u00e1genes, as\u00ed como la compilaci\u00f3n de los mismos, y cualquier software utilizado en el Sitio, es propiedad de Mobile Pet Cremations o de sus proveedores y est\u00e1 protegido por derechos de autor y otras leyes que protegen la propiedad intelectual y los derechos de propiedad. Usted se compromete a respetar y cumplir todos los derechos de autor y otros avisos de propiedad, leyendas u otras restricciones contenidas en dichos contenidos y no realizar\u00e1 ning\u00fan cambio en los mismos. No modificar\u00e1, publicar\u00e1, transmitir\u00e1, aplicar\u00e1 ingenier\u00eda inversa, participar\u00e1 en la transferencia o venta, crear\u00e1<\/span><\/p>\n<p><span style=\"font-weight: 400;\">obras derivadas, o explotar de cualquier manera cualquiera de los contenidos, en su totalidad o en parte, que se encuentran en el Sitio. El contenido de Mobile Pet Cremations no est\u00e1 destinado a la reventa. Su uso del Sitio no le da derecho a hacer ning\u00fan uso no autorizado de ning\u00fan contenido protegido y, en particular, no borrar\u00e1 ni alterar\u00e1 ning\u00fan derecho de propiedad o aviso de atribuci\u00f3n en ning\u00fan contenido. Usted utilizar\u00e1 el contenido protegido \u00fanicamente para su uso personal, y no har\u00e1 ning\u00fan otro uso del contenido sin el permiso expreso por escrito de Mobile Pet Cremations y del propietario de los derechos de autor. Usted acepta que no adquiere ning\u00fan derecho de propiedad sobre ning\u00fan contenido protegido. No le concedemos ninguna licencia, expresa o impl\u00edcita, sobre la propiedad intelectual de Cremaci\u00f3n M\u00f3vil de Mascotas o de nuestros licenciantes, salvo en los casos expresamente autorizados por las presentes Condiciones.<\/span><\/p>\n<p><b>Usuarios internacionales<\/b><\/p>\n<p><span style=\"font-weight: 400;\">El Servicio est\u00e1 controlado, operado y administrado por Mobile Pet Cremations desde nuestras oficinas en EE.UU.. Si accede al Servicio desde una ubicaci\u00f3n fuera de EE.UU., usted es responsable del cumplimiento de todas las leyes locales. Usted acepta que no utilizar\u00e1 el Contenido de cremaciones m\u00f3viles de mascotas al que se accede a trav\u00e9s de https:\/\/mobilepetcremations.com\/ en ning\u00fan pa\u00eds ni de ninguna forma prohibida por las leyes, restricciones o normativas aplicables.<\/span><\/p>\n<p><b>Indemnizaci\u00f3n<\/b><\/p>\n<p><span style=\"font-weight: 400;\">Usted acepta indemnizar, defender y eximir de responsabilidad a Mobile Pet Cremations, sus directivos, directores, empleados, agentes y terceros, por cualquier p\u00e9rdida, coste, responsabilidad y gasto (incluidos los honorarios razonables de abogados) relacionados con o derivados de su uso o incapacidad para utilizar el Sitio o los servicios, cualquier publicaci\u00f3n de usuario realizada por usted, su violaci\u00f3n de cualquiera de los t\u00e9rminos de este Acuerdo o su violaci\u00f3n de cualquier derecho de un tercero, o su violaci\u00f3n de cualquier ley, norma o reglamento aplicable. Mobile Pet Cremations se reserva el derecho, a su propio coste, de asumir la defensa exclusiva y<\/span><\/p>\n<p><span style=\"font-weight: 400;\">control de cualquier asunto sujeto a indemnizaci\u00f3n por su parte, en cuyo caso usted deber\u00e1 <\/span><span style=\"font-weight: 400;\">cooperar con Mobile Pet Cremations para hacer valer cualquier defensa disponible.<\/span><\/p>\n<p><b>Arbitraje&nbsp;<\/b><\/p>\n<p><span style=\"font-weight: 400;\">En el caso de que las partes no sean capaces de resolver cualquier disputa entre ellas que surja de o en relaci\u00f3n con estos T\u00e9rminos y Condiciones, o cualquiera de sus disposiciones, ya sea en contrato, agravio, o de otra manera en la ley o en equidad por da\u00f1os y perjuicios o cualquier otra reparaci\u00f3n, entonces dicha controversia se resolver\u00e1 \u00fanicamente mediante arbitraje definitivo y vinculante de conformidad con la Ley Federal de Arbitraje, llevado a cabo por un \u00fanico \u00e1rbitro neutral y administrado por la Asociaci\u00f3n Americana de Arbitraje, o un servicio de arbitraje similar seleccionado por las partes, en un lugar mutuamente acordado por las partes. El \u00e1rbitro<\/span><\/p>\n<p><span style=\"font-weight: 400;\">El laudo arbitral ser\u00e1 definitivo y podr\u00e1 ser objeto de sentencia en cualquier tribunal competente. En caso de que cualquier acci\u00f3n legal o de equidad, procedimiento o arbitraje surja de o se refiera a estos T\u00e9rminos y Condiciones, la parte vencedora tendr\u00e1 derecho a recuperar sus costes y honorarios razonables de abogado. Las partes acuerdan someter a arbitraje todas las disputas y reclamaciones relativas a las presentes Condiciones Generales o a cualquier disputa que surja como resultado de las mismas, ya sea directa o indirectamente.<\/span><\/p>\n<p><span style=\"font-weight: 400;\">indirectamente, incluidas las reclamaciones extracontractuales que sean consecuencia de las presentes Condiciones. Las partes acuerdan que la Ley Federal de Arbitraje rige la interpretaci\u00f3n y aplicaci\u00f3n de esta disposici\u00f3n. La totalidad de la controversia, incluido el alcance y la aplicabilidad de esta disposici\u00f3n de arbitraje, ser\u00e1 determinada por el \u00c1rbitro. Esta disposici\u00f3n de arbitraje sobrevivir\u00e1 a la terminaci\u00f3n de estos T\u00e9rminos y Condiciones.<\/span><\/p>\n<p><b>Renuncia a acciones colectivas<\/b><\/p>\n<p><span style=\"font-weight: 400;\">Cualquier arbitraje en virtud de estos T\u00e9rminos y Condiciones se llevar\u00e1 a cabo de forma individual; no se permiten los arbitrajes de clase ni las acciones de clase\/representativas\/colectivas. LAS PARTES ACUERDAN QUE UNA PARTE PUEDE PRESENTAR RECLAMACIONES CONTRA LA OTRA S\u00d3LO A T\u00cdTULO INDIVIDUAL, Y NO COMO DEMANDANTE O MIEMBRO DE UNA CLASE EN CUALQUIER CLASE PUTATIVA, COLECTIVA Y \/ O PROCEDIMIENTO REPRESENTATIVO, COMO EN LA FORMA DE UNA ACCI\u00d3N DE ABOGADO GENERAL PRIVADO CONTRA LA OTRA. Adem\u00e1s, a menos que tanto usted como Mobile Pet Cremations acuerden lo contrario, el \u00e1rbitro no podr\u00e1 consolidar las reclamaciones de m\u00e1s de una persona, y no podr\u00e1 presidir ning\u00fan tipo de procedimiento colectivo.<\/span><\/p>\n<p><span style=\"font-weight: 400;\">procedimiento representativo o colectivo.<\/span><\/p>\n<p><b>Exenci\u00f3n de responsabilidad<\/b><\/p>\n<p><span style=\"font-weight: 400;\">LA INFORMACI\u00d3N, EL SOFTWARE, LOS PRODUCTOS Y LOS SERVICIOS INCLUIDOS EN EL SITIO O DISPONIBLES A TRAV\u00c9S DE \u00c9L PUEDEN INCLUIR IMPRECISIONES O ERRORES.<\/span><\/p>\n<p><span style=\"font-weight: 400;\">ERRORES TIPOGR\u00c1FICOS. PERI\u00d3DICAMENTE SE INTRODUCEN CAMBIOS EN EL<\/span><\/p>\n<p><span style=\"font-weight: 400;\">INFORMACI\u00d3N AQU\u00cd CONTENIDA. MOBILE PET CREMATIONS Y\/O SUS PROVEEDORES PUEDEN INTRODUCIR EN CUALQUIER MOMENTO MEJORAS Y\/O CAMBIOS EN EL SITIO WEB.<\/span><\/p>\n<p><span style=\"font-weight: 400;\">MOBILE PET CREMATIONS Y\/O SUS PROVEEDORES NO HACEN NING\u00daN<\/span><\/p>\n<p><span style=\"font-weight: 400;\">DECLARACIONES SOBRE LA IDONEIDAD, FIABILIDAD, DISPONIBILIDAD,<\/span><\/p>\n<p><span style=\"font-weight: 400;\">PUNTUALIDAD Y EXACTITUD DE LA INFORMACI\u00d3N, SOFTWARE, PRODUCTOS, SERVICIOS Y GR\u00c1FICOS RELACIONADOS CONTENIDOS EN EL SITIO PARA CUALQUIER PROP\u00d3SITO. EN LA MEDIDA EN QUE LO PERMITA LA LEGISLACI\u00d3N APLICABLE, DICHA INFORMACI\u00d3N, SOFTWARE, PRODUCTOS, SERVICIOS Y GR\u00c1FICOS RELACIONADOS SE PROPORCIONAN \u201cTAL CUAL\u201d, SIN GARANT\u00cdAS NI CONDICIONES DE NING\u00daN TIPO. MOBILE PET CREMATIONS Y\/O SUS PROVEEDORES <\/span><span style=\"font-weight: 400;\">RENUNCIA A TODAS LAS GARANT\u00cdAS Y CONDICIONES CON RESPECTO A ESTA INFORMACI\u00d3N, SOFTWARE, PRODUCTOS, SERVICIOS Y GR\u00c1FICOS RELACIONADOS, INCLUIDAS TODAS LAS GARANT\u00cdAS O CONDICIONES IMPL\u00cdCITAS DE COMERCIABILIDAD, IDONEIDAD PARA UN FIN DETERMINADO, TITULARIDAD Y NO INFRACCI\u00d3N.<\/span><\/p>\n<p><span style=\"font-weight: 400;\">EN LA MEDIDA M\u00c1XIMA PERMITIDA POR LA LEGISLACI\u00d3N APLICABLE, EN NING\u00daN CASO<\/span><\/p>\n<p><span style=\"font-weight: 400;\">MOBILE PET CREMATIONS Y\/O SUS PROVEEDORES SER\u00c1N RESPONSABLES DE CUALQUIER DA\u00d1O DIRECTO, INDIRECTO, PUNITIVO, INCIDENTAL, ESPECIAL, CONSECUENCIAL O DE CUALQUIER OTRO TIPO.<\/span><\/p>\n<p><span style=\"font-weight: 400;\">DA\u00d1OS O PERJUICIOS DE CUALQUIER TIPO, INCLUIDOS, SIN<\/span><\/p>\n<p><span style=\"font-weight: 400;\">LIMITACI\u00d3N, DA\u00d1OS POR P\u00c9RDIDA DE USO, DATOS O BENEFICIOS, QUE SURJAN DE O EST\u00c9N RELACIONADOS DE ALG\u00daN MODO CON EL USO O EL RENDIMIENTO DEL SITIO, CON EL RETRASO O LA IMPOSIBILIDAD DE USAR EL SITIO O LOS SERVICIOS RELACIONADOS, LA PRESTACI\u00d3N O LA IMPOSIBILIDAD DE PRESTAR SERVICIOS, O POR CUALQUIER INFORMACI\u00d3N, SOFTWARE, PRODUCTOS, SERVICIOS Y GR\u00c1FICOS RELACIONADOS OBTENIDOS A TRAV\u00c9S DEL SITIO, O QUE SURJAN DE CUALQUIER OTRO MODO DEL USO DEL SITIO, YA SEA POR CONTRATO, AGRAVIO, NEGLIGENCIA, RESPONSABILIDAD ESTRICTA O DE OTRO MODO, INCLUSO SI MOBILE PET CREMATIONS O CUALQUIERA DE SUS PROVEEDORES HA SIDO ADVERTIDO DE LA POSIBILIDAD DE DA\u00d1OS. DEBIDO A QUE ALGUNOS ESTADOS\/JURISDICCIONES NO PERMITEN LA EXCLUSI\u00d3N O LIMITACI\u00d3N DE RESPONSABILIDAD POR DA\u00d1OS CONSECUENCIALES O INCIDENTALES, ES POSIBLE QUE LA LIMITACI\u00d3N ANTERIOR NO SE APLIQUE EN SU CASO. SI NO EST\u00c1 SATISFECHO CON ALGUNA PARTE DEL SITIO O CON ALGUNA DE ESTAS CONDICIONES DE USO, SU \u00daNICO Y EXCLUSIVO RECURSO ES DEJAR DE UTILIZAR EL SITIO.<\/span><\/p>\n<p><b>Rescisi\u00f3n\/restricci\u00f3n de acceso<\/b><\/p>\n<p><span style=\"font-weight: 400;\">Mobile Pet Cremations se reserva el derecho, a su entera discreci\u00f3n, de interrumpir su acceso al Sitio y a los servicios relacionados o a cualquier parte de los mismos en cualquier momento y sin previo aviso. En la medida m\u00e1xima permitida por la ley, este acuerdo se rige por las leyes del Estado de California y por la presente usted acepta la jurisdicci\u00f3n exclusiva y el lugar de celebraci\u00f3n de los tribunales de California en todas las disputas que surjan de o<\/span><\/p>\n<p><span style=\"font-weight: 400;\">relativas al uso del Sitio. El uso del Sitio no est\u00e1 autorizado en ninguna jurisdicci\u00f3n que no otorgue a <\/span><span style=\"font-weight: 400;\">efecto a todas las disposiciones de estas Condiciones, incluyendo, sin limitaci\u00f3n, esta secci\u00f3n. <\/span><span style=\"font-weight: 400;\">El usuario acepta que no existe ninguna joint-venture, asociaci\u00f3n, relaci\u00f3n de empleo, o agencia entre el usuario mismo y Mobile Pet Cremations como consecuencia de este acuerdo o uso del Sitio. El cumplimiento de este acuerdo por parte de Mobile Pet Cremations est\u00e1 sujeto a las leyes vigentes y al proceso legal, y nada contenido en este acuerdo constituye una derogaci\u00f3n al derecho de Mobile Pet Cremations a obrar de acuerdo a los requisitos, solicitudes o imposiciones legales, del gobierno o de la corte, relacionados con el uso por Usted del sitio, o a informaci\u00f3n recogida o suministrada a Mobile Pet Cremations respecto de dicho uso. Si se determina que alguna parte de este acuerdo es inv\u00e1lida o inaplicable en virtud de la legislaci\u00f3n aplicable <\/span><span style=\"font-weight: 400;\">incluyendo, pero no limitado a, las renuncias de garant\u00eda y limitaciones de responsabilidad establecidas anteriormente, entonces <\/span><span style=\"font-weight: 400;\">la disposici\u00f3n inv\u00e1lida o inaplicable se considerar\u00e1 sustituida por una disposici\u00f3n v\u00e1lida y aplicable.<\/span><\/p>\n<p><span style=\"font-weight: 400;\">que m\u00e1s se acerque a la intenci\u00f3n de la disposici\u00f3n original y al resto del acuerdo. <\/span><span style=\"font-weight: 400;\">seguir\u00e1 en vigor.<\/span><\/p>\n<p><span style=\"font-weight: 400;\">Salvo lo especificado aqu\u00ed, este acuerdo constituye el acuerdo completo entre el usuario y Mobile Pet Cremations respecto del Sitio y reemplaza a todas las comunicaciones y propuestas anteriores o contempor\u00e1neas, hayan sido \u00e9stas electr\u00f3nicas, orales o escritas, entre el usuario y Mobile Pet Cremations respecto del Sitio. Una versi\u00f3n impresa de este acuerdo y<\/span><\/p>\n<p><span style=\"font-weight: 400;\">de cualquier notificaci\u00f3n realizada en formato electr\u00f3nico ser\u00e1 admisible en procedimientos judiciales o administrativos <\/span><span style=\"font-weight: 400;\">basados o relacionados con este acuerdo en la misma medida y sujetos a las mismas condiciones que otros documentos y registros comerciales generados y conservados originalmente en formato impreso. Es el deseo expreso de las partes que este acuerdo y todos los documentos relacionados se redacten en ingl\u00e9s.<\/span><\/p>\n<p><b>Cambios en las condiciones<\/b><\/p>\n<p><span style=\"font-weight: 400;\">Mobile Pet Cremations se reserva el derecho, a su entera discreci\u00f3n, de cambiar los T\u00e9rminos bajo los cuales se ofrece https:\/\/mobilepetcremations.com\/. La versi\u00f3n m\u00e1s reciente de las Condiciones sustituir\u00e1 a todas las versiones anteriores. Mobile Pet Cremations le anima a revisar peri\u00f3dicamente las Condiciones para mantenerse informado de nuestras actualizaciones.<\/span><\/p>\n<p><b>Contacte con nosotros<\/b><\/p>\n<p><span style=\"font-weight: 400;\">Mobile Pet Cremations agradece sus preguntas o comentarios sobre las Condiciones:<\/span><\/p>\n<p><span style=\"font-weight: 400;\">Cremaciones m\u00f3viles de mascotas<\/span><\/p>\n<p><span style=\"font-weight: 400;\">_________________<\/span><\/p>\n<p><span style=\"font-weight: 400;\">Chino Hills, California 91709<\/span><\/p>\n<p><span style=\"font-weight: 400;\">Direcci\u00f3n de correo electr\u00f3nico:<\/span><\/p>\n<p><span style=\"font-weight: 400;\">blake@mobilepetcremations.com<\/span><\/p>\n<p>For additional help, call the following:<br><span style=\"font-family: Montserrat;\">Office &#8211; (949) 887-4312<br><\/span><span style=\"font-family: Montserrat;\">Customer Service &#8211; (949) 229-7347<\/span><\/p>\n<p><span style=\"font-weight: 400;\"><em><span style=\"font-size: 12px;\">En vigor a partir del 10 de septiembre de 2023&nbsp;<\/span><\/em>&nbsp;<\/span><\/p>\t\t\t\t\t\t\t\t<\/div>\n\t\t\t\t<\/div>\n\t\t\t\t\t<\/div>\n\t\t<\/div>\n\t\t\t\t\t<\/div>\n\t\t<\/section>\n\t\t\t\t<\/div>","protected":false},"excerpt":{"rendered":"<p>Terms and Conditions Agreement between User and https:\/\/mobilepetcremations.com\/ Welcome to https:\/\/mobilepetcremations.com\/. The https:\/\/mobilepetcremations.com\/ website (the &#8220;Site&#8221;) is comprised of various web pages operated by Mobile Pet Cremations. https:\/\/mobilepetcremations.com\/ is offered to you conditioned on your acceptance without modification of the terms, conditions, and notices contained herein (the &#8220;Terms&#8221;). Your use of https:\/\/mobilepetcremations.com\/ constitutes your agreement [&hellip;]<\/p>\n","protected":false},"author":1,"featured_media":2456,"parent":0,"menu_order":0,"comment_status":"closed","ping_status":"closed","template":"","meta":{"give_campaign_id":0,"_coblocks_attr":"","_coblocks_dimensions":"","_coblocks_responsive_height":"","_coblocks_accordion_ie_support":"","footnotes":""},"class_list":["post-3766","page","type-page","status-publish","has-post-thumbnail","hentry"],"campaignId":"","_links":{"self":[{"href":"https:\/\/mobilepetcremations.com\/es\/wp-json\/wp\/v2\/pages\/3766","targetHints":{"allow":["GET"]}}],"collection":[{"href":"https:\/\/mobilepetcremations.com\/es\/wp-json\/wp\/v2\/pages"}],"about":[{"href":"https:\/\/mobilepetcremations.com\/es\/wp-json\/wp\/v2\/types\/page"}],"author":[{"embeddable":true,"href":"https:\/\/mobilepetcremations.com\/es\/wp-json\/wp\/v2\/users\/1"}],"replies":[{"embeddable":true,"href":"https:\/\/mobilepetcremations.com\/es\/wp-json\/wp\/v2\/comments?post=3766"}],"version-history":[{"count":15,"href":"https:\/\/mobilepetcremations.com\/es\/wp-json\/wp\/v2\/pages\/3766\/revisions"}],"predecessor-version":[{"id":7562,"href":"https:\/\/mobilepetcremations.com\/es\/wp-json\/wp\/v2\/pages\/3766\/revisions\/7562"}],"wp:featuredmedia":[{"embeddable":true,"href":"https:\/\/mobilepetcremations.com\/es\/wp-json\/wp\/v2\/media\/2456"}],"wp:attachment":[{"href":"https:\/\/mobilepetcremations.com\/es\/wp-json\/wp\/v2\/media?parent=3766"}],"curies":[{"name":"wp","href":"https:\/\/api.w.org\/{rel}","templated":true}]}}