{"id":4666,"date":"2023-11-16T19:17:32","date_gmt":"2023-11-16T19:17:32","guid":{"rendered":"https:\/\/mobilepetcremations.com\/?page_id=4666"},"modified":"2026-04-09T20:37:49","modified_gmt":"2026-04-09T20:37:49","slug":"cremacion-en-agua","status":"publish","type":"page","link":"https:\/\/mobilepetcremations.com\/es\/water-cremation\/","title":{"rendered":"Cremaci\u00f3n acu\u00e1tica"},"content":{"rendered":"<div data-elementor-type=\"wp-page\" data-elementor-id=\"4666\" class=\"elementor elementor-4666\">\n\t\t\t\t\t\t<section class=\"elementor-section elementor-top-section elementor-element elementor-element-562a2b7 elementor-section-height-min-height elementor-section-boxed elementor-section-height-default elementor-section-items-middle\" data-id=\"562a2b7\" data-element_type=\"section\" data-e-type=\"section\" data-settings=\"{&quot;background_background&quot;:&quot;classic&quot;}\">\n\t\t\t\t\t\t\t<div class=\"elementor-background-overlay\"><\/div>\n\t\t\t\t\t\t\t<div class=\"elementor-container elementor-column-gap-default\">\n\t\t\t\t\t<div class=\"elementor-column elementor-col-50 elementor-top-column elementor-element elementor-element-49b1f2c6\" data-id=\"49b1f2c6\" data-element_type=\"column\" data-e-type=\"column\">\n\t\t\t<div class=\"elementor-widget-wrap elementor-element-populated\">\n\t\t\t\t\t\t<div class=\"elementor-element elementor-element-7c624c1d elementor-widget elementor-widget-heading\" data-id=\"7c624c1d\" data-element_type=\"widget\" data-e-type=\"widget\" data-widget_type=\"heading.default\">\n\t\t\t\t<div class=\"elementor-widget-container\">\n\t\t\t\t\t<h1 class=\"elementor-heading-title elementor-size-default\">Cremaci\u00f3n acu\u00e1tica<\/h1>\t\t\t\t<\/div>\n\t\t\t\t<\/div>\n\t\t\t\t\t<\/div>\n\t\t<\/div>\n\t\t\t\t<div class=\"elementor-column elementor-col-50 elementor-top-column elementor-element elementor-element-7a326ea8\" data-id=\"7a326ea8\" data-element_type=\"column\" data-e-type=\"column\">\n\t\t\t<div class=\"elementor-widget-wrap\">\n\t\t\t\t\t\t\t<\/div>\n\t\t<\/div>\n\t\t\t\t\t<\/div>\n\t\t<\/section>\n\t\t\t\t<section class=\"elementor-section elementor-top-section elementor-element elementor-element-1b491c07 elementor-section-content-middle elementor-reverse-tablet elementor-reverse-mobile elementor-section-boxed elementor-section-height-default elementor-section-height-default\" data-id=\"1b491c07\" data-element_type=\"section\" data-e-type=\"section\" data-settings=\"{&quot;background_background&quot;:&quot;classic&quot;}\">\n\t\t\t\t\t\t\t<div class=\"elementor-background-overlay\"><\/div>\n\t\t\t\t\t\t\t<div class=\"elementor-container elementor-column-gap-default\">\n\t\t\t\t\t<div class=\"elementor-column elementor-col-50 elementor-top-column elementor-element elementor-element-5e191605\" data-id=\"5e191605\" data-element_type=\"column\" data-e-type=\"column\">\n\t\t\t<div class=\"elementor-widget-wrap elementor-element-populated\">\n\t\t\t\t\t\t<div class=\"elementor-element elementor-element-1e84dcd7 elementor-widget elementor-widget-heading\" data-id=\"1e84dcd7\" data-element_type=\"widget\" data-e-type=\"widget\" data-widget_type=\"heading.default\">\n\t\t\t\t<div class=\"elementor-widget-container\">\n\t\t\t\t\t<h2 class=\"elementor-heading-title elementor-size-default\">Una suave despedida para su querida mascota.<\/h2>\t\t\t\t<\/div>\n\t\t\t\t<\/div>\n\t\t\t\t<div class=\"elementor-element elementor-element-87c58fa elementor-widget elementor-widget-text-editor\" data-id=\"87c58fa\" data-element_type=\"widget\" data-e-type=\"widget\" data-widget_type=\"text-editor.default\">\n\t\t\t\t<div class=\"elementor-widget-container\">\n\t\t\t\t\t\t\t\t\t<p><span style=\"font-size: 18px;\">Mobile Pet Cremations ofrece cremaci\u00f3n en agua, un proceso compasivo y delicado dise\u00f1ado para honrar a sus queridos compa\u00f1eros. A diferencia de los servicios de cremaci\u00f3n comunes, la cremaci\u00f3n en agua utiliza una combinaci\u00f3n suave para manejar respetuosamente los restos de su mascota.\u00a0<\/span><\/p><p><span style=\"font-size: 18px;\">Este proceso puede llevar m\u00e1s tiempo, pero el resultado es un polvo blanco y limpio, que ofrece una opci\u00f3n diferente a quienes buscan una alternativa a los m\u00e9todos tradicionales.<\/span><\/p><p><span style=\"font-size: 18px;\">Nuestro m\u00e9todo de cremaci\u00f3n en agua garantiza una atenci\u00f3n individualizada, utilizando equipos especializados con mamparas para mantener la identidad distintiva de cada mascota. Aunque nuestra pr\u00e1ctica habitual consiste en ocuparnos de varias mascotas de forma eficiente, entendemos que algunos propietarios prefieren una experiencia m\u00e1s personalizada.<\/span><\/p><p><span style=\"font-size: 18px;\">Reconocemos el v\u00ednculo emocional que comparte con sus mascotas, y nuestro servicio de cremaci\u00f3n en agua pretende ofrecer una alternativa sencilla y respetuosa para quienes desean conmemorar a sus queridos compa\u00f1eros.<\/span><\/p><p><span style=\"font-size: 18px;\"><span style=\"font-family: Montserrat;\">Si decide incinerar a su mascota en agua, tenga en cuenta que este servicio conlleva costes adicionales.\u00a0<\/span><span style=\"font-weight: var( --e-global-typography-primary-font-weight );\">Llame hoy mismo para obtener m\u00e1s informaci\u00f3n y\/o concertar una cita.<\/span><\/span><\/p>\t\t\t\t\t\t\t\t<\/div>\n\t\t\t\t<\/div>\n\t\t\t\t<div class=\"elementor-element elementor-element-3adda8d animated-slow elementor-invisible elementor-widget elementor-widget-heading\" data-id=\"3adda8d\" data-element_type=\"widget\" data-e-type=\"widget\" data-settings=\"{&quot;_animation&quot;:&quot;fadeInRight&quot;}\" data-widget_type=\"heading.default\">\n\t\t\t\t<div class=\"elementor-widget-container\">\n\t\t\t\t\t<h3 class=\"elementor-heading-title elementor-size-default\">Honra a tu mascota con cuidados suaves.<\/h3>\t\t\t\t<\/div>\n\t\t\t\t<\/div>\n\t\t\t\t<div class=\"elementor-element elementor-element-6187394 elementor-widget__width-auto elementor-widget elementor-widget-jkit_button\" data-id=\"6187394\" data-element_type=\"widget\" data-e-type=\"widget\" data-widget_type=\"jkit_button.default\">\n\t\t\t\t<div class=\"elementor-widget-container\">\n\t\t\t\t\t<div  class=\"jeg-elementor-kit jkit-button  icon-position-before jeg_module___69fccfbd929a3\" ><a href=\"tel:949-887-4312\" class=\"jkit-button-wrapper\"><i aria-hidden=\"true\" class=\"fas fa-phone-alt\"><\/i>949-887-4312<\/a><\/div>\t\t\t\t<\/div>\n\t\t\t\t<\/div>\n\t\t\t\t\t<\/div>\n\t\t<\/div>\n\t\t\t\t<div class=\"elementor-column elementor-col-50 elementor-top-column elementor-element elementor-element-6b5602a7\" data-id=\"6b5602a7\" data-element_type=\"column\" data-e-type=\"column\">\n\t\t\t<div class=\"elementor-widget-wrap elementor-element-populated\">\n\t\t\t\t\t\t<div class=\"elementor-element elementor-element-cdac4b7 elementor-widget elementor-widget-image\" data-id=\"cdac4b7\" data-element_type=\"widget\" data-e-type=\"widget\" data-widget_type=\"image.default\">\n\t\t\t\t<div class=\"elementor-widget-container\">\n\t\t\t\t\t\t\t\t\t\t\t\t\t\t\t<img fetchpriority=\"high\" decoding=\"async\" width=\"326\" height=\"620\" src=\"https:\/\/mobilepetcremations.com\/wp-content\/smush-webp\/2023\/11\/Untitled-design-10.png.webp\" class=\"attachment-large size-large wp-image-4695\" alt=\"Persona acariciando suavemente a un gato relajado.\" srcset=\"https:\/\/mobilepetcremations.com\/wp-content\/smush-webp\/2023\/11\/Untitled-design-10.png.webp 326w, https:\/\/mobilepetcremations.com\/wp-content\/smush-webp\/2023\/11\/Untitled-design-10-158x300.png.webp 158w, https:\/\/mobilepetcremations.com\/wp-content\/smush-webp\/2023\/11\/Untitled-design-10-84x160.png.webp 84w\" sizes=\"(max-width: 326px) 100vw, 326px\" \/>\t\t\t\t\t\t\t\t\t\t\t\t\t\t\t<\/div>\n\t\t\t\t<\/div>\n\t\t\t\t\t<\/div>\n\t\t<\/div>\n\t\t\t\t\t<\/div>\n\t\t<\/section>\n\t\t\t\t<section class=\"elementor-section elementor-top-section elementor-element elementor-element-1d4cf31d elementor-section-content-middle elementor-reverse-tablet elementor-reverse-mobile elementor-section-boxed elementor-section-height-default elementor-section-height-default\" data-id=\"1d4cf31d\" data-element_type=\"section\" data-e-type=\"section\" data-settings=\"{&quot;background_background&quot;:&quot;classic&quot;}\">\n\t\t\t\t\t\t\t<div class=\"elementor-background-overlay\"><\/div>\n\t\t\t\t\t\t\t<div class=\"elementor-container elementor-column-gap-default\">\n\t\t\t\t\t<div class=\"elementor-column elementor-col-50 elementor-top-column elementor-element elementor-element-2aefc22a\" data-id=\"2aefc22a\" data-element_type=\"column\" data-e-type=\"column\">\n\t\t\t<div class=\"elementor-widget-wrap elementor-element-populated\">\n\t\t\t\t\t\t<div class=\"elementor-element elementor-element-725b7cd7 elementor-widget elementor-widget-heading\" data-id=\"725b7cd7\" data-element_type=\"widget\" data-e-type=\"widget\" data-widget_type=\"heading.default\">\n\t\t\t\t<div class=\"elementor-widget-container\">\n\t\t\t\t\t<h3 class=\"elementor-heading-title elementor-size-default\">Conect\u00e9monos<\/h3>\t\t\t\t<\/div>\n\t\t\t\t<\/div>\n\t\t\t\t<div class=\"elementor-element elementor-element-3be153da animated-slow elementor-invisible elementor-widget elementor-widget-heading\" data-id=\"3be153da\" data-element_type=\"widget\" data-e-type=\"widget\" data-settings=\"{&quot;_animation&quot;:&quot;fadeInRight&quot;}\" data-widget_type=\"heading.default\">\n\t\t\t\t<div class=\"elementor-widget-container\">\n\t\t\t\t\t<h2 class=\"elementor-heading-title elementor-size-default\">Al servicio del sur de California.<\/h2>\t\t\t\t<\/div>\n\t\t\t\t<\/div>\n\t\t\t\t<div class=\"elementor-element elementor-element-119f2b37 animated-slow elementor-invisible elementor-widget elementor-widget-text-editor\" data-id=\"119f2b37\" data-element_type=\"widget\" data-e-type=\"widget\" data-settings=\"{&quot;_animation&quot;:&quot;fadeInRight&quot;}\" data-widget_type=\"text-editor.default\">\n\t\t\t\t<div class=\"elementor-widget-container\">\n\t\t\t\t\t\t\t\t\t<p>Queremos asegurarle que su querida mascota est\u00e1 en el mejor cuidado desde que la mascota es recogida y hasta que las cenizas de la mascota est\u00e1n de vuelta en casa o en el lugar solicitado.<\/p><p>Mobile Pet Cremations sirve a las \u00e1reas de Riverside, San Bernardino, Los Angeles y Orange County. Los servicios de Mobile Pet Cremations est\u00e1n disponibles 24\/7.<\/p><p><strong>Horario de atenci\u00f3n al cliente: 8:00 am - 5:00 pm\u00a0<\/strong><\/p><p>Nos desplazamos a su domicilio o al veterinario de su localidad.<br \/><strong>Horas de eutanasia:<\/strong><br \/><strong>8:00 - 17:00<\/strong><br \/><strong>De lunes a domingo<br \/><\/strong><em>(P\u00f3ngase en contacto con nosotros si necesita m\u00e1s informaci\u00f3n)<\/em><\/p>\t\t\t\t\t\t\t\t<\/div>\n\t\t\t\t<\/div>\n\t\t\t\t<section class=\"elementor-section elementor-inner-section elementor-element elementor-element-3a8f72ca elementor-section-boxed elementor-section-height-default elementor-section-height-default\" data-id=\"3a8f72ca\" data-element_type=\"section\" data-e-type=\"section\">\n\t\t\t\t\t\t<div class=\"elementor-container elementor-column-gap-no\">\n\t\t\t\t\t<div class=\"elementor-column elementor-col-100 elementor-inner-column elementor-element elementor-element-6ce3b95f animated-slow elementor-invisible\" data-id=\"6ce3b95f\" data-element_type=\"column\" data-e-type=\"column\" data-settings=\"{&quot;animation&quot;:&quot;fadeInRight&quot;}\">\n\t\t\t<div class=\"elementor-widget-wrap elementor-element-populated\">\n\t\t\t\t\t\t<div class=\"elementor-element elementor-element-40d2e076 animated-slow elementor-invisible elementor-widget elementor-widget-heading\" data-id=\"40d2e076\" data-element_type=\"widget\" data-e-type=\"widget\" data-settings=\"{&quot;_animation&quot;:&quot;fadeInRight&quot;}\" data-widget_type=\"heading.default\">\n\t\t\t\t<div class=\"elementor-widget-container\">\n\t\t\t\t\t<h3 class=\"elementor-heading-title elementor-size-default\">Para conocer la disponibilidad del servicio a domicilio, llame al <\/h3>\t\t\t\t<\/div>\n\t\t\t\t<\/div>\n\t\t\t\t<div class=\"elementor-element elementor-element-847e20e elementor-widget__width-auto elementor-widget elementor-widget-jkit_button\" data-id=\"847e20e\" data-element_type=\"widget\" data-e-type=\"widget\" data-widget_type=\"jkit_button.default\">\n\t\t\t\t<div class=\"elementor-widget-container\">\n\t\t\t\t\t<div  class=\"jeg-elementor-kit jkit-button  icon-position-before jeg_module__1_69fccfbd93db8\" ><a href=\"tel:949-887-4312\" class=\"jkit-button-wrapper\"><i aria-hidden=\"true\" class=\"fas fa-phone-alt\"><\/i>949-887-4312<\/a><\/div>\t\t\t\t<\/div>\n\t\t\t\t<\/div>\n\t\t\t\t\t<\/div>\n\t\t<\/div>\n\t\t\t\t\t<\/div>\n\t\t<\/section>\n\t\t\t\t\t<\/div>\n\t\t<\/div>\n\t\t\t\t<div class=\"elementor-column elementor-col-50 elementor-top-column elementor-element elementor-element-2064bc38\" data-id=\"2064bc38\" data-element_type=\"column\" data-e-type=\"column\" data-settings=\"{&quot;background_background&quot;:&quot;classic&quot;}\">\n\t\t\t<div class=\"elementor-widget-wrap elementor-element-populated\">\n\t\t\t\t\t\t<div class=\"elementor-element elementor-element-f4ce9b8 elementor-widget elementor-widget-image\" data-id=\"f4ce9b8\" data-element_type=\"widget\" data-e-type=\"widget\" data-widget_type=\"image.default\">\n\t\t\t\t<div class=\"elementor-widget-container\">\n\t\t\t\t\t\t\t\t\t\t\t\t\t\t\t<img decoding=\"async\" width=\"800\" height=\"800\" src=\"https:\/\/mobilepetcremations.com\/wp-content\/uploads\/2023\/10\/Modern-Mobile-Promo-Real-Estate-Instagram-Post-1024x1024.png\" class=\"attachment-large size-large wp-image-815\" alt=\"Un perro sentado sobre un smartphone con el texto &quot;Ll\u00e1menos ahora&quot;.\" srcset=\"https:\/\/mobilepetcremations.com\/wp-content\/uploads\/2023\/10\/Modern-Mobile-Promo-Real-Estate-Instagram-Post-1024x1024.png 1024w, https:\/\/mobilepetcremations.com\/wp-content\/smush-webp\/2023\/10\/Modern-Mobile-Promo-Real-Estate-Instagram-Post-300x300.png.webp 300w, https:\/\/mobilepetcremations.com\/wp-content\/smush-webp\/2023\/10\/Modern-Mobile-Promo-Real-Estate-Instagram-Post-150x150.png.webp 150w, https:\/\/mobilepetcremations.com\/wp-content\/uploads\/2023\/10\/Modern-Mobile-Promo-Real-Estate-Instagram-Post-768x768.png 768w, https:\/\/mobilepetcremations.com\/wp-content\/uploads\/2023\/10\/Modern-Mobile-Promo-Real-Estate-Instagram-Post.png 1080w\" sizes=\"(max-width: 800px) 100vw, 800px\" \/>\t\t\t\t\t\t\t\t\t\t\t\t\t\t\t<\/div>\n\t\t\t\t<\/div>\n\t\t\t\t\t<\/div>\n\t\t<\/div>\n\t\t\t\t\t<\/div>\n\t\t<\/section>\n\t\t\t\t<\/div>","protected":false},"excerpt":{"rendered":"<p>Water Cremation A Gentle Farewell for Your Beloved Pet. Mobile Pet Cremations offers water cremation, a compassionate and gentle process designed to honor your cherished companions. Unlike common cremation services, water cremation\u00a0uses a gentle combination to respectfully handle your pet\u2019s remains.\u00a0 This process may take longer, but it results in a clean, white powder, providing [&hellip;]<\/p>\n","protected":false},"author":1,"featured_media":7310,"parent":0,"menu_order":0,"comment_status":"closed","ping_status":"closed","template":"","meta":{"give_campaign_id":0,"_coblocks_attr":"","_coblocks_dimensions":"","_coblocks_responsive_height":"","_coblocks_accordion_ie_support":"","footnotes":""},"class_list":["post-4666","page","type-page","status-publish","has-post-thumbnail","hentry"],"campaignId":"","_links":{"self":[{"href":"https:\/\/mobilepetcremations.com\/es\/wp-json\/wp\/v2\/pages\/4666","targetHints":{"allow":["GET"]}}],"collection":[{"href":"https:\/\/mobilepetcremations.com\/es\/wp-json\/wp\/v2\/pages"}],"about":[{"href":"https:\/\/mobilepetcremations.com\/es\/wp-json\/wp\/v2\/types\/page"}],"author":[{"embeddable":true,"href":"https:\/\/mobilepetcremations.com\/es\/wp-json\/wp\/v2\/users\/1"}],"replies":[{"embeddable":true,"href":"https:\/\/mobilepetcremations.com\/es\/wp-json\/wp\/v2\/comments?post=4666"}],"version-history":[{"count":19,"href":"https:\/\/mobilepetcremations.com\/es\/wp-json\/wp\/v2\/pages\/4666\/revisions"}],"predecessor-version":[{"id":6074,"href":"https:\/\/mobilepetcremations.com\/es\/wp-json\/wp\/v2\/pages\/4666\/revisions\/6074"}],"wp:featuredmedia":[{"embeddable":true,"href":"https:\/\/mobilepetcremations.com\/es\/wp-json\/wp\/v2\/media\/7310"}],"wp:attachment":[{"href":"https:\/\/mobilepetcremations.com\/es\/wp-json\/wp\/v2\/media?parent=4666"}],"curies":[{"name":"wp","href":"https:\/\/api.w.org\/{rel}","templated":true}]}}