{"id":6222,"date":"2024-10-30T20:16:20","date_gmt":"2024-10-30T20:16:20","guid":{"rendered":"https:\/\/mobilepetcremations.com\/?page_id=6222"},"modified":"2026-04-09T19:54:07","modified_gmt":"2026-04-09T19:54:07","slug":"riverside-county-cities","status":"publish","type":"page","link":"https:\/\/mobilepetcremations.com\/es\/riverside-county-cities\/","title":{"rendered":"Riverside County Cities"},"content":{"rendered":"<div data-elementor-type=\"wp-page\" data-elementor-id=\"6222\" class=\"elementor elementor-6222\">\n\t\t\t\t\t\t<section class=\"elementor-section elementor-top-section elementor-element elementor-element-562a2b7 elementor-section-height-min-height elementor-section-boxed elementor-section-height-default elementor-section-items-middle\" data-id=\"562a2b7\" data-element_type=\"section\" data-e-type=\"section\" data-settings=\"{&quot;background_background&quot;:&quot;classic&quot;}\">\n\t\t\t\t\t\t\t<div class=\"elementor-background-overlay\"><\/div>\n\t\t\t\t\t\t\t<div class=\"elementor-container elementor-column-gap-default\">\n\t\t\t\t\t<div class=\"elementor-column elementor-col-50 elementor-top-column elementor-element elementor-element-49b1f2c6\" data-id=\"49b1f2c6\" data-element_type=\"column\" data-e-type=\"column\">\n\t\t\t<div class=\"elementor-widget-wrap elementor-element-populated\">\n\t\t\t\t\t\t<div class=\"elementor-element elementor-element-7c624c1d elementor-widget elementor-widget-heading\" data-id=\"7c624c1d\" data-element_type=\"widget\" data-e-type=\"widget\" data-widget_type=\"heading.default\">\n\t\t\t\t<div class=\"elementor-widget-container\">\n\t\t\t\t\t<h1 class=\"elementor-heading-title elementor-size-default\">Servicios para mascotas en Riverside County, CA<\/h1>\t\t\t\t<\/div>\n\t\t\t\t<\/div>\n\t\t\t\t\t<\/div>\n\t\t<\/div>\n\t\t\t\t<div class=\"elementor-column elementor-col-50 elementor-top-column elementor-element elementor-element-7a326ea8\" data-id=\"7a326ea8\" data-element_type=\"column\" data-e-type=\"column\">\n\t\t\t<div class=\"elementor-widget-wrap\">\n\t\t\t\t\t\t\t<\/div>\n\t\t<\/div>\n\t\t\t\t\t<\/div>\n\t\t<\/section>\n\t\t\t\t<section class=\"elementor-section elementor-top-section elementor-element elementor-element-1b491c07 elementor-section-content-middle elementor-reverse-tablet elementor-reverse-mobile elementor-section-boxed elementor-section-height-default elementor-section-height-default\" data-id=\"1b491c07\" data-element_type=\"section\" data-e-type=\"section\" data-settings=\"{&quot;background_background&quot;:&quot;classic&quot;}\">\n\t\t\t\t\t\t\t<div class=\"elementor-background-overlay\"><\/div>\n\t\t\t\t\t\t\t<div class=\"elementor-container elementor-column-gap-default\">\n\t\t\t\t\t<div class=\"elementor-column elementor-col-100 elementor-top-column elementor-element elementor-element-5e191605\" data-id=\"5e191605\" data-element_type=\"column\" data-e-type=\"column\">\n\t\t\t<div class=\"elementor-widget-wrap elementor-element-populated\">\n\t\t\t\t\t\t<div class=\"elementor-element elementor-element-1e84dcd7 elementor-widget elementor-widget-heading\" data-id=\"1e84dcd7\" data-element_type=\"widget\" data-e-type=\"widget\" data-widget_type=\"heading.default\">\n\t\t\t\t<div class=\"elementor-widget-container\">\n\t\t\t\t\t<h2 class=\"elementor-heading-title elementor-size-default\">Cremaci\u00f3n m\u00f3vil de mascotas en el condado de Riverside.<\/h2>\t\t\t\t<\/div>\n\t\t\t\t<\/div>\n\t\t\t\t<div class=\"elementor-element elementor-element-8be4003 elementor-widget elementor-widget-text-editor\" data-id=\"8be4003\" data-element_type=\"widget\" data-e-type=\"widget\" data-widget_type=\"text-editor.default\">\n\t\t\t\t<div class=\"elementor-widget-container\">\n\t\t\t\t\t\t\t\t\t<p>En Mobile Pet Cremations, estamos comprometidos a proporcionar servicios de cremaci\u00f3n compasivos, convenientes y respetuosos a los due\u00f1os de mascotas en todas las comunidades del condado de Riverside. Nuestro servicio m\u00f3vil nos permite ir directamente a su casa, asegurando que su querida mascota sea atendida con dignidad y que usted experimente el m\u00ednimo estr\u00e9s durante este dif\u00edcil momento. Estamos orgullosos de servir a las familias en todas las ciudades del Condado de Riverside, grandes y peque\u00f1as, ofreciendo una alternativa compasiva cuando m\u00e1s importa.<\/p><p>We currently provide pet <strong>cremation and in-home services<\/strong> to the following Riverside County cities:<\/p><p><a href=\"https:\/\/mobilepetcremations.com\/es\/prohibicion-de\/\">Prohibici\u00f3n de<\/a><\/p><p><a href=\"https:\/\/mobilepetcremations.com\/es\/beaumont\/\">Beaumont<\/a><\/p><p><a href=\"https:\/\/mobilepetcremations.com\/es\/blythe\/\">Blythe<\/a><\/p><p><a href=\"https:\/\/mobilepetcremations.com\/es\/calimesa\/\">Calimesa<\/a><\/p><p><a href=\"https:\/\/mobilepetcremations.com\/es\/lago-canyon\/\">Lago Canyon<\/a><\/p><p><a href=\"https:\/\/mobilepetcremations.com\/es\/ciudad-catedralicia\/\">Ciudad de la Catedral<\/a><\/p><p><a href=\"https:\/\/mobilepetcremations.com\/es\/coachella\/\">Coachella<\/a><\/p><p><a href=\"https:\/\/mobilepetcremations.com\/es\/corona\/\">Corona<\/a><\/p><p><a href=\"https:\/\/mobilepetcremations.com\/es\/termas-del-desierto\/\">Desert Hot Springs<\/a><\/p><p><a href=\"https:\/\/mobilepetcremations.com\/es\/eastvale\/\">Eastvale<\/a><\/p><p><a href=\"https:\/\/mobilepetcremations.com\/es\/hemet\/\">Hemet<\/a><\/p><p><a href=\"https:\/\/mobilepetcremations.com\/es\/pozos-indios\/\">Indian Wells<\/a><\/p><p><a href=\"https:\/\/mobilepetcremations.com\/es\/indio\/\">Indio<\/a><\/p><p><a href=\"https:\/\/mobilepetcremations.com\/es\/valle-de-jurupa\/\">Valle de Jurupa<\/a><\/p><p><a href=\"https:\/\/mobilepetcremations.com\/es\/la-quinta\/\">La Quinta<\/a><\/p><p><a href=\"https:\/\/mobilepetcremations.com\/es\/lago-elsinore\/\">Lago Elsinore<\/a><\/p><p><a href=\"https:\/\/mobilepetcremations.com\/es\/menifee\/\">Menifee<\/a><\/p><p><a href=\"https:\/\/mobilepetcremations.com\/es\/moreno-valley\/\">Moreno Valley<\/a><\/p><p><a href=\"https:\/\/mobilepetcremations.com\/es\/murrieta\/\">Murrieta<\/a><\/p><p><a href=\"https:\/\/mobilepetcremations.com\/es\/norco\/\">Norco<\/a><\/p><p><a href=\"https:\/\/mobilepetcremations.com\/es\/desierto-de-palma\/\">Palm Desert<\/a><\/p><p><a href=\"https:\/\/mobilepetcremations.com\/es\/palmeras\/\">Palm Springs<\/a><\/p><p><a href=\"https:\/\/mobilepetcremations.com\/es\/perris\/\">Perris<\/a><\/p><p><a href=\"https:\/\/mobilepetcremations.com\/es\/rancho-mirage\/\">Rancho Mirage<\/a><\/p><p><a href=\"https:\/\/mobilepetcremations.com\/es\/ribera\/\">Riverside<\/a><\/p><p><a href=\"https:\/\/mobilepetcremations.com\/es\/san-jacinto\/\">San Jacinto<\/a><\/p><p><a href=\"https:\/\/mobilepetcremations.com\/es\/temecula\/\">Temecula<\/a><\/p><p><a href=\"https:\/\/mobilepetcremations.com\/es\/wildomar\/\">Wildomar<\/a><\/p><div>\u00a0<\/div><p><a href=\"https:\/\/mobilepetcremations.com\/es\/pongase-en-contacto-con\/\">P\u00f3ngase en contacto con nosotros<\/a> para saber c\u00f3mo podemos ayudarle a crear una despedida tranquila para su querida mascota.<\/p>\t\t\t\t\t\t\t\t<\/div>\n\t\t\t\t<\/div>\n\t\t\t\t\t<\/div>\n\t\t<\/div>\n\t\t\t\t\t<\/div>\n\t\t<\/section>\n\t\t\t\t<\/div>","protected":false},"excerpt":{"rendered":"<p>Pet Services in Riverside County, CA Mobile Pet Cremations Serving Riverside County. At Mobile Pet Cremations, we are committed to providing compassionate, convenient, and respectful cremation services to pet owners across every community in Riverside County. Our mobile service enables us to come directly to your home, ensuring that your beloved pet is cared for [&hellip;]<\/p>\n","protected":false},"author":1,"featured_media":3546,"parent":0,"menu_order":0,"comment_status":"closed","ping_status":"closed","template":"","meta":{"give_campaign_id":0,"_coblocks_attr":"","_coblocks_dimensions":"","_coblocks_responsive_height":"","_coblocks_accordion_ie_support":"","footnotes":""},"class_list":["post-6222","page","type-page","status-publish","has-post-thumbnail","hentry"],"campaignId":"","_links":{"self":[{"href":"https:\/\/mobilepetcremations.com\/es\/wp-json\/wp\/v2\/pages\/6222","targetHints":{"allow":["GET"]}}],"collection":[{"href":"https:\/\/mobilepetcremations.com\/es\/wp-json\/wp\/v2\/pages"}],"about":[{"href":"https:\/\/mobilepetcremations.com\/es\/wp-json\/wp\/v2\/types\/page"}],"author":[{"embeddable":true,"href":"https:\/\/mobilepetcremations.com\/es\/wp-json\/wp\/v2\/users\/1"}],"replies":[{"embeddable":true,"href":"https:\/\/mobilepetcremations.com\/es\/wp-json\/wp\/v2\/comments?post=6222"}],"version-history":[{"count":12,"href":"https:\/\/mobilepetcremations.com\/es\/wp-json\/wp\/v2\/pages\/6222\/revisions"}],"predecessor-version":[{"id":7884,"href":"https:\/\/mobilepetcremations.com\/es\/wp-json\/wp\/v2\/pages\/6222\/revisions\/7884"}],"wp:featuredmedia":[{"embeddable":true,"href":"https:\/\/mobilepetcremations.com\/es\/wp-json\/wp\/v2\/media\/3546"}],"wp:attachment":[{"href":"https:\/\/mobilepetcremations.com\/es\/wp-json\/wp\/v2\/media?parent=6222"}],"curies":[{"name":"wp","href":"https:\/\/api.w.org\/{rel}","templated":true}]}}